

{"id":1601,"date":"2017-06-14T12:57:29","date_gmt":"2017-06-14T10:57:29","guid":{"rendered":"https:\/\/modemart.hu\/?page_id=1601\/"},"modified":"2026-02-15T15:45:27","modified_gmt":"2026-02-15T14:45:27","slug":"visiting-information","status":"publish","type":"page","link":"https:\/\/modemart.hu\/en\/visiting-information\/","title":{"rendered":"Visiting information"},"content":{"rendered":"<h2 style=\"text-align: center\"><\/h2>\n<h2>Opening hours<\/h2>\n<p>The MODEM Center for Modern and Contemporary Art can be visited from Tuesdays to Sundays between 10 a.m. and 6 p.m., on Wednesdays between 12 p.m. and 8 p.m. It is closed on Mondays.<\/p>\n<h2>General Admission Tickets<\/h2>\n<p>You can buy ticket online at the following <a href=\"https:\/\/modemart.jegy.hu\/\">link.<\/a><\/p>\n<table style=\"width: 118.261%;height: 124px\">\n<tbody>\n<tr style=\"height: 24px\">\n<td style=\"width: 29.484%;height: 25px\" rowspan=\"2\">Tickets<\/td>\n<td style=\"width: 15.4069%;height: 25px;text-align: center\" rowspan=\"2\">Adult<\/td>\n<td style=\"width: 18.0083%;height: 25px;text-align: center\" rowspan=\"2\">Student\/<br \/>\npensioner<\/td>\n<td style=\"width: 33.4152%;height: 24px;text-align: center\" colspan=\"2\">For owner of Debrecen City Card<\/td>\n<\/tr>\n<tr style=\"height: 24px\">\n<td style=\"width: 16.011%;height: 1px;text-align: center\">Adult<\/td>\n<td style=\"width: 17.4042%;height: 1px;text-align: center\">Student\/pensioner<\/td>\n<\/tr>\n<tr style=\"height: 24px\">\n<td style=\"width: 29.484%;height: 24px\"><a href=\"https:\/\/modemart.jegy.hu\/program\/1-kombinalt-belepo-127490\">Combinated ticket<\/a> &#8211; for all exhibitions of MODEM<\/td>\n<td style=\"width: 15.4069%;height: 24px;text-align: center\">5 000 HUF<\/td>\n<td style=\"width: 18.0083%;height: 24px;text-align: center\">2 500 HUF<\/td>\n<td style=\"width: 16.011%;height: 24px;text-align: center\">4 500 HUF<\/td>\n<td style=\"width: 17.4042%;height: 24px;text-align: center\">2 250 HUF<\/td>\n<\/tr>\n<tr>\n<td style=\"width: 29.484%\"><a href=\"https:\/\/modemart.hu\/en\/kiallitas\/testek-es-emlekek\/\">Bodies and memories<\/a> &#8211; 3rd floor<\/td>\n<td style=\"width: 15.4069%;height: 24px;text-align: center\">1 500 HUF<\/td>\n<td style=\"width: 18.0083%;height: 24px;text-align: center\">\u00a0 \u00a0750 HUF<\/td>\n<td style=\"width: 16.011%;height: 24px;text-align: center\">1 400 HUF<\/td>\n<td style=\"width: 17.4042%;height: 24px;text-align: center\">\u00a0 \u00a0700 HUF<\/td>\n<\/tr>\n<tr style=\"height: 24px\">\n<td style=\"width: 29.484%;height: 24px\"><a href=\"https:\/\/modemart.hu\/en\/kiallitas\/hanyas-vagy\/\">Dynamic structures<\/a> &#8211; 2nd floor<\/td>\n<td style=\"width: 15.4069%;height: 24px;text-align: center\">2 500 HUF<\/td>\n<td style=\"width: 18.0083%;height: 24px;text-align: center\">1 250 HUF<\/td>\n<td style=\"width: 16.011%;height: 24px;text-align: center\">2 250 HUF<\/td>\n<td style=\"width: 17.4042%;height: 24px;text-align: center\">1 150 HUF<\/td>\n<\/tr>\n<\/tbody>\n<\/table>\n<table style=\"width: 609.047px\">\n<tbody>\n<tr>\n<td style=\"width: 489px;text-align: left\" colspan=\"2\">Family ticket &#8211; for 2 adults with 3 children<\/td>\n<\/tr>\n<tr>\n<td style=\"width: 489px\">\u00a0 Combinated &#8211; for all exhibitions of MODEM<\/td>\n<td style=\"width: 148.047px;text-align: center\">\u00a08 000 HUF<\/td>\n<\/tr>\n<tr>\n<td style=\"width: 489px\">\u00a0 Bodies and memories<\/td>\n<td style=\"width: 148.047px;text-align: center\">\u00a03 000 HUF<\/td>\n<\/tr>\n<tr>\n<td style=\"width: 489px\">\u00a0 Dynamic structures<\/td>\n<td style=\"width: 148.047px;text-align: center\">\u00a04 000 HUF<\/td>\n<\/tr>\n<\/tbody>\n<\/table>\n<h2>Getting here<\/h2>\n<p>The MODEM stands in the historical centre of Debrecen on the Baltaz\u00e1r Dezs\u0151 Square, which was formed at the time of the opening of the Modern and Contemporary Arts Centre. It is easily accessible on foot from the Great Church, because the building is behind the D\u00e9ri Museum 5 minutes from the Kossuth Square. By car, the MODEM is accessible from the Bethlen Street and the F\u00fcv\u00e9szkert Street. A parking garage is available under the building.<\/p>\n<p>Address: 1-3. Hunyadi J\u00e1nos Street, 4026 Debrecen<br \/>\nPhone: +36-52-525-018<br \/>\nE-mail: <a href=\"mailto:info@modemart.hu\">info@modemart.hu<\/a><br \/>\nBox office and Information: +36-52-525-010<br \/>\nGPS coordinates: N.47.5334194 E.21.6215394<\/p>\n<h2>Discounted admission<\/h2>\n<p>According to the Agreement of the European Economic Area, the permanent and temporary exhibitions of the museums can be visited for free of charge by the undermentioned citizens of the participant countries (herein after called EEA citizens):<\/p>\n<ul>\n<li>children under the age of 6<\/li>\n<li>disabled people and their companion (only 1 person)<\/li>\n<li>people with professional admission card issued by the minister<\/li>\n<li>members of national professional organisations (with at least 400 members) which are connected to museums and public collections<\/li>\n<li>active educators (with a valid educator\u2019s card) who work in public education<\/li>\n<li>adults above the age of 70<\/li>\n<\/ul>\n<p>According to the Agreement of the European Economic Area, the permanent and temporary exhibitions of the museums can be visited for 50% off admission by the undermentioned EEA citizens:<\/p>\n<ul>\n<li>students (with valid student card)<\/li>\n<li>adults above the age of 62<\/li>\n<li>companions who are close relatives of at least two people under the age of 18 (max. 2 people)<\/li>\n<\/ul>\n<h2>Visiting rules<\/h2>\n<ol>\n<li><strong>It is forbidden to bring <\/strong>any vehicle into the building, such as bicycles, scooters, etc. Furthermore, live animals (except guide dogs\/therapy dogs), stabbing and cutting tools, and anything that endangers the health and safety of art objects, visitors and staff.<\/li>\n<li><strong>MODEM may not be visited<\/strong> by persons under the influence of alcohol, intoxicants and\/or drugs. We can request action from the guard against those whose behavior violates or endangers the safety of our visitors and employees.<\/li>\n<li><strong>Protection of works of art:<\/strong> please do not approach them within a distance of 30 cm, and do not touch or hold the sculptures or installations.<\/li>\n<li><strong>It is FORBIDDEN <\/strong>to bring bottles, food, drinks, children&#8217;s toys, or anything that endangers the works of art <strong>into the exhibition space<\/strong>.<\/li>\n<li>Please do not disturb other visitors by speaking loudly in the exhibition spaces, <strong>turn down the volume<\/strong> of your mobile phone and do not use it for conversation.<\/li>\n<li>For safety reasons, use of the cloakroom is <strong>mandatory and free of charge<\/strong>.<br \/>\nPlease leave your luggage, umbrella, <strong>bag <\/strong>or backpack <strong>larger than 30 x 25 x 15 cm<\/strong> in the cloakroom. <strong>Bags of any size cannot be carried on the back<\/strong>, small backpacks can only be carried in by hand. If you want to take your personal items and valuables with you to the exhibition space, <strong>you can borrow a small handbag free of charge<\/strong> in the cloakroom.<\/li>\n<li><strong>Smoking is FORBIDDEN<\/strong> in the entire area of MODEM, this includes electronic cigarettes. Smoking is only possible in the designated area in the inner garden and at least 5 meters away from the entrance. If childen under 14 are in the garden, smoking is prohibited in all areas.<\/li>\n<li><strong>According to the current government regulations<\/strong>, MODEM can be visited without a COVID green pass.<\/li>\n<li><strong>During group and family visits, the group leader<\/strong>, accompanying teacher, and parents <strong>are responsible <\/strong>for ensuring that all members of their group comply with the visitor regulations.<\/li>\n<li>The MODEM-PAD children&#8217;s corner can be used for <strong>free and for an unlimited time during opening hours.<\/strong><\/li>\n<li>MODEM provides mothers-to-be with a <strong style=\"color: initial;font-size: revert\">baby-mother rest and breastfeeding area<\/strong><span style=\"color: initial;font-size: revert\">.<\/span><\/li>\n<li>MODEM provides a washroom suitable for small children, as well as a<strong> changing table.<\/strong><\/li>\n<li><strong><span style=\"color: initial\">In case of non-compliance with the rules or refusal to cooperate, our guards may withdraw the right to stay in MODEM.<\/span><\/strong><\/li>\n<\/ol>\n","protected":false},"excerpt":{"rendered":"<p>Opening hours The MODEM Center for Modern and Contemporary Art can be visited from Tuesdays to Sundays between 10 a.m. and 6 p.m., on Wednesdays between 12 p.m. and 8 p.m. It is closed on Mondays. General Admission Tickets You can buy ticket online at the following link. Tickets Adult Student\/ pensioner For owner of&hellip;<\/p>\n<a class=\"read-more-link\" href=\" https:\/\/modemart.hu\/en\/visiting-information\/ \">Read More<\/a>","protected":false},"author":5,"featured_media":0,"parent":0,"menu_order":0,"comment_status":"closed","ping_status":"closed","template":"","meta":{"_acf_changed":false,"inline_featured_image":false,"footnotes":""},"class_list":["post-1601","page","type-page","status-publish","hentry","col-md-4 col-sm-6"],"acf":[],"yoast_head":"<!-- This site is optimized with the Yoast SEO plugin v24.4 - https:\/\/yoast.com\/wordpress\/plugins\/seo\/ -->\n<title>Visiting information &#8211; Modemart<\/title>\n<meta name=\"robots\" content=\"index, follow, max-snippet:-1, max-image-preview:large, max-video-preview:-1\" \/>\n<link rel=\"canonical\" href=\"https:\/\/modemart.hu\/en\/visiting-information\/\" \/>\n<meta property=\"og:locale\" content=\"en_US\" \/>\n<meta property=\"og:type\" content=\"article\" \/>\n<meta property=\"og:title\" content=\"Visiting information &#8211; Modemart\" \/>\n<meta property=\"og:description\" content=\"Opening hours The MODEM Center for Modern and Contemporary Art can be visited from Tuesdays to Sundays between 10 a.m. and 6 p.m., on Wednesdays between 12 p.m. and 8 p.m. It is closed on Mondays. General Admission Tickets You can buy ticket online at the following link. Tickets Adult Student\/ pensioner For owner of&hellip;\" \/>\n<meta property=\"og:url\" content=\"https:\/\/modemart.hu\/en\/visiting-information\/\" \/>\n<meta property=\"og:site_name\" content=\"Modemart\" \/>\n<meta property=\"article:publisher\" content=\"https:\/\/hu-hu.facebook.com\/modemdebrecen\/\" \/>\n<meta property=\"article:modified_time\" content=\"2026-02-15T14:45:27+00:00\" \/>\n<meta name=\"twitter:card\" content=\"summary_large_image\" \/>\n<meta name=\"twitter:label1\" content=\"Est. reading time\" \/>\n\t<meta name=\"twitter:data1\" content=\"5 minutes\" \/>\n<script type=\"application\/ld+json\" class=\"yoast-schema-graph\">{\"@context\":\"https:\/\/schema.org\",\"@graph\":[{\"@type\":\"WebPage\",\"@id\":\"https:\/\/modemart.hu\/en\/visiting-information\/\",\"url\":\"https:\/\/modemart.hu\/en\/visiting-information\/\",\"name\":\"Visiting information &#8211; Modemart\",\"isPartOf\":{\"@id\":\"https:\/\/modemart.hu\/#website\"},\"datePublished\":\"2017-06-14T10:57:29+00:00\",\"dateModified\":\"2026-02-15T14:45:27+00:00\",\"breadcrumb\":{\"@id\":\"https:\/\/modemart.hu\/en\/visiting-information\/#breadcrumb\"},\"inLanguage\":\"en-US\",\"potentialAction\":[{\"@type\":\"ReadAction\",\"target\":[\"https:\/\/modemart.hu\/en\/visiting-information\/\"]}]},{\"@type\":\"BreadcrumbList\",\"@id\":\"https:\/\/modemart.hu\/en\/visiting-information\/#breadcrumb\",\"itemListElement\":[{\"@type\":\"ListItem\",\"position\":1,\"name\":\"Home\",\"item\":\"https:\/\/modemart.hu\/\"},{\"@type\":\"ListItem\",\"position\":2,\"name\":\"Visiting information\"}]},{\"@type\":\"WebSite\",\"@id\":\"https:\/\/modemart.hu\/#website\",\"url\":\"https:\/\/modemart.hu\/\",\"name\":\"Modemart\",\"description\":\"Center for Modern and Contemporary Art\",\"publisher\":{\"@id\":\"https:\/\/modemart.hu\/#organization\"},\"potentialAction\":[{\"@type\":\"SearchAction\",\"target\":{\"@type\":\"EntryPoint\",\"urlTemplate\":\"https:\/\/modemart.hu\/?s={search_term_string}\"},\"query-input\":{\"@type\":\"PropertyValueSpecification\",\"valueRequired\":true,\"valueName\":\"search_term_string\"}}],\"inLanguage\":\"en-US\"},{\"@type\":\"Organization\",\"@id\":\"https:\/\/modemart.hu\/#organization\",\"name\":\"Modemart\",\"url\":\"https:\/\/modemart.hu\/\",\"logo\":{\"@type\":\"ImageObject\",\"inLanguage\":\"en-US\",\"@id\":\"https:\/\/modemart.hu\/#\/schema\/logo\/image\/\",\"url\":\"https:\/\/modemart.hu\/wp-content\/uploads\/2022\/07\/modemlogo.png\",\"contentUrl\":\"https:\/\/modemart.hu\/wp-content\/uploads\/2022\/07\/modemlogo.png\",\"width\":260,\"height\":136,\"caption\":\"Modemart\"},\"image\":{\"@id\":\"https:\/\/modemart.hu\/#\/schema\/logo\/image\/\"},\"sameAs\":[\"https:\/\/hu-hu.facebook.com\/modemdebrecen\/\"]}]}<\/script>\n<!-- \/ Yoast SEO plugin. -->","yoast_head_json":{"title":"Visiting information &#8211; Modemart","robots":{"index":"index","follow":"follow","max-snippet":"max-snippet:-1","max-image-preview":"max-image-preview:large","max-video-preview":"max-video-preview:-1"},"canonical":"https:\/\/modemart.hu\/en\/visiting-information\/","og_locale":"en_US","og_type":"article","og_title":"Visiting information &#8211; Modemart","og_description":"Opening hours The MODEM Center for Modern and Contemporary Art can be visited from Tuesdays to Sundays between 10 a.m. and 6 p.m., on Wednesdays between 12 p.m. and 8 p.m. It is closed on Mondays. General Admission Tickets You can buy ticket online at the following link. Tickets Adult Student\/ pensioner For owner of&hellip;","og_url":"https:\/\/modemart.hu\/en\/visiting-information\/","og_site_name":"Modemart","article_publisher":"https:\/\/hu-hu.facebook.com\/modemdebrecen\/","article_modified_time":"2026-02-15T14:45:27+00:00","twitter_card":"summary_large_image","twitter_misc":{"Est. reading time":"5 minutes"},"schema":{"@context":"https:\/\/schema.org","@graph":[{"@type":"WebPage","@id":"https:\/\/modemart.hu\/en\/visiting-information\/","url":"https:\/\/modemart.hu\/en\/visiting-information\/","name":"Visiting information &#8211; Modemart","isPartOf":{"@id":"https:\/\/modemart.hu\/#website"},"datePublished":"2017-06-14T10:57:29+00:00","dateModified":"2026-02-15T14:45:27+00:00","breadcrumb":{"@id":"https:\/\/modemart.hu\/en\/visiting-information\/#breadcrumb"},"inLanguage":"en-US","potentialAction":[{"@type":"ReadAction","target":["https:\/\/modemart.hu\/en\/visiting-information\/"]}]},{"@type":"BreadcrumbList","@id":"https:\/\/modemart.hu\/en\/visiting-information\/#breadcrumb","itemListElement":[{"@type":"ListItem","position":1,"name":"Home","item":"https:\/\/modemart.hu\/"},{"@type":"ListItem","position":2,"name":"Visiting information"}]},{"@type":"WebSite","@id":"https:\/\/modemart.hu\/#website","url":"https:\/\/modemart.hu\/","name":"Modemart","description":"Center for Modern and Contemporary Art","publisher":{"@id":"https:\/\/modemart.hu\/#organization"},"potentialAction":[{"@type":"SearchAction","target":{"@type":"EntryPoint","urlTemplate":"https:\/\/modemart.hu\/?s={search_term_string}"},"query-input":{"@type":"PropertyValueSpecification","valueRequired":true,"valueName":"search_term_string"}}],"inLanguage":"en-US"},{"@type":"Organization","@id":"https:\/\/modemart.hu\/#organization","name":"Modemart","url":"https:\/\/modemart.hu\/","logo":{"@type":"ImageObject","inLanguage":"en-US","@id":"https:\/\/modemart.hu\/#\/schema\/logo\/image\/","url":"https:\/\/modemart.hu\/wp-content\/uploads\/2022\/07\/modemlogo.png","contentUrl":"https:\/\/modemart.hu\/wp-content\/uploads\/2022\/07\/modemlogo.png","width":260,"height":136,"caption":"Modemart"},"image":{"@id":"https:\/\/modemart.hu\/#\/schema\/logo\/image\/"},"sameAs":["https:\/\/hu-hu.facebook.com\/modemdebrecen\/"]}]}},"_links":{"self":[{"href":"https:\/\/modemart.hu\/en\/wp-json\/wp\/v2\/pages\/1601","targetHints":{"allow":["GET"]}}],"collection":[{"href":"https:\/\/modemart.hu\/en\/wp-json\/wp\/v2\/pages"}],"about":[{"href":"https:\/\/modemart.hu\/en\/wp-json\/wp\/v2\/types\/page"}],"author":[{"embeddable":true,"href":"https:\/\/modemart.hu\/en\/wp-json\/wp\/v2\/users\/5"}],"replies":[{"embeddable":true,"href":"https:\/\/modemart.hu\/en\/wp-json\/wp\/v2\/comments?post=1601"}],"version-history":[{"count":78,"href":"https:\/\/modemart.hu\/en\/wp-json\/wp\/v2\/pages\/1601\/revisions"}],"predecessor-version":[{"id":44441,"href":"https:\/\/modemart.hu\/en\/wp-json\/wp\/v2\/pages\/1601\/revisions\/44441"}],"wp:attachment":[{"href":"https:\/\/modemart.hu\/en\/wp-json\/wp\/v2\/media?parent=1601"}],"curies":[{"name":"wp","href":"https:\/\/api.w.org\/{rel}","templated":true}]}}