

{"id":22451,"date":"2022-08-30T11:17:31","date_gmt":"2022-08-30T09:17:31","guid":{"rendered":"https:\/\/modemart.hu\/termek\/hatareset\/"},"modified":"2022-12-04T17:44:33","modified_gmt":"2022-12-04T16:44:33","slug":"borderlines","status":"publish","type":"product","link":"https:\/\/modemart.hu\/en\/modem-shop\/borderlines\/","title":{"rendered":"Borderlines"},"content":{"rendered":"<p><img loading=\"lazy\" decoding=\"async\" class=\"alignnone size-content-thumb wp-image-20785\" src=\"https:\/\/modemart.hu\/wp-content\/uploads\/2022\/05\/facebook-cover_esemeny-1-1000x523-1-1000x523.png\" alt=\"\" width=\"1000\" height=\"523\" srcset=\"https:\/\/modemart.hu\/wp-content\/uploads\/2022\/05\/facebook-cover_esemeny-1-1000x523-1.png 1000w, https:\/\/modemart.hu\/wp-content\/uploads\/2022\/05\/facebook-cover_esemeny-1-1000x523-1-600x314.png 600w, https:\/\/modemart.hu\/wp-content\/uploads\/2022\/05\/facebook-cover_esemeny-1-1000x523-1-300x157.png 300w, https:\/\/modemart.hu\/wp-content\/uploads\/2022\/05\/facebook-cover_esemeny-1-1000x523-1-768x402.png 768w\" sizes=\"auto, (max-width: 1000px) 100vw, 1000px\" \/><\/p>\n<p>&nbsp;<\/p>\n<div class=\"entry-gallery fullsize-gallery\">\n<div class=\"gallery gallery-size-full\">\n<ul class=\"slides list-reset\">\n<figure class=\"gallery-item\">\n<a href=\"https:\/\/modemart.hu\/wp-content\/uploads\/2022\/05\/DSC07539.jpg\" class=\"thickbox\" data-content=\"\" rel=\"22451post-gallery\" title=\"DSC07539\"><img loading=\"lazy\" decoding=\"async\" src=\"https:\/\/modemart.hu\/wp-content\/uploads\/2022\/05\/DSC07539.jpg\" width=\"1620\" height=\"1080\" alt=\"gallery image\"  \/>\n<\/a><\/figure>\n<figure class=\"gallery-item\">\n<a href=\"https:\/\/modemart.hu\/wp-content\/uploads\/2022\/05\/DSC07462.jpg\" class=\"thickbox\" data-content=\"\" rel=\"22451post-gallery\" title=\"DSC07462\"><img loading=\"lazy\" decoding=\"async\" src=\"https:\/\/modemart.hu\/wp-content\/uploads\/2022\/05\/DSC07462.jpg\" width=\"1620\" height=\"1080\" alt=\"gallery image\"  \/>\n<\/a><\/figure>\n<figure class=\"gallery-item\">\n<a href=\"https:\/\/modemart.hu\/wp-content\/uploads\/2022\/05\/DSC07391.jpg\" class=\"thickbox\" data-content=\"\" rel=\"22451post-gallery\" title=\"DSC07391\"><img loading=\"lazy\" decoding=\"async\" src=\"https:\/\/modemart.hu\/wp-content\/uploads\/2022\/05\/DSC07391.jpg\" width=\"1620\" height=\"1080\" alt=\"gallery image\"  \/>\n<\/a><\/figure>\n<\/ul>\n<\/div>\n<\/div>\n\n<h3>Exhibiting artists<\/h3>\n<p>Silvia AMANCEI &amp; Bogdan ARMANU<br \/>\nD\u00e1niel BOZZAI &amp; D\u00e1niel M\u00c1T\u00c9<br \/>\nVasile C\u00c2T\u00c2R\u00c2U<br \/>\nJakub CHOMA<br \/>\nMegan DOMINESCU<br \/>\nOlga DZIUBAK<br \/>\nM\u00e1ty\u00e1s ERMENYI<br \/>\nJudit Lilla MOLN\u00c1R<br \/>\nPAZNIAK Uladizmir<br \/>\nRenata PINTEROVA<br \/>\nPR\u00cdLU\u010c\u00cdK David<br \/>\nIrmina RUSICKA<br \/>\nDrozd Martina SMUTNA<br \/>\nJi\u0159\u00ed \u017d\u00c1K<\/p>\n<p>Curator: Tam\u00e1s Don<\/p>\n<p>The following contributed to the historical research related to the exhibition:<br \/>\n<a href=\"https:\/\/1918local.eu\/\">ERC Nepostrans<\/a> project of the Institute of Political History<\/p>\n","protected":false},"excerpt":{"rendered":"<h3>Contemporary reflections on East-Central European identity<\/h3>\n<p>release year: 2022<br \/>\npage number: 142<br \/>\nlanguage: Hungarian-English<br \/>\nISBN: 978-615-5839-17-7<\/p>\n<a class=\"read-more-link\" href=\" https:\/\/modemart.hu\/en\/modem-shop\/borderlines\/ \">Read More<\/a>","protected":false},"featured_media":22512,"comment_status":"closed","ping_status":"closed","template":"","meta":{"_acf_changed":false,"inline_featured_image":false},"product_brand":[],"product_cat":[46],"product_tag":[],"class_list":{"0":"post-22451","1":"product","2":"type-product","3":"status-publish","4":"has-post-thumbnail","6":"product_cat-egyeb","7":"col-md-4 col-sm-6","9":"first","10":"instock","11":"taxable","12":"shipping-taxable","13":"purchasable","14":"product-type-simple"},"acf":[],"yoast_head":"<!-- This site is optimized with the Yoast SEO plugin v24.4 - https:\/\/yoast.com\/wordpress\/plugins\/seo\/ -->\n<title>Borderlines &#8211; Modemart<\/title>\n<meta name=\"robots\" content=\"index, follow, max-snippet:-1, max-image-preview:large, max-video-preview:-1\" \/>\n<link rel=\"canonical\" href=\"https:\/\/modemart.hu\/modem-shop\/hatareset\/\" \/>\n<meta property=\"og:locale\" content=\"en_US\" \/>\n<meta property=\"og:type\" content=\"article\" \/>\n<meta property=\"og:title\" content=\"Borderlines &#8211; Modemart\" \/>\n<meta property=\"og:description\" content=\"Contemporary reflections on East-Central European identity release year: 2022 page number: 142 language: Hungarian-English ISBN: 978-615-5839-17-7\" \/>\n<meta property=\"og:url\" content=\"https:\/\/modemart.hu\/modem-shop\/hatareset\/\" \/>\n<meta property=\"og:site_name\" content=\"Modemart\" \/>\n<meta property=\"article:publisher\" content=\"https:\/\/hu-hu.facebook.com\/modemdebrecen\/\" \/>\n<meta property=\"article:modified_time\" content=\"2022-12-04T16:44:33+00:00\" \/>\n<meta property=\"og:image\" content=\"https:\/\/modemart.hu\/wp-content\/uploads\/2022\/08\/Hata\u0301reset_.png\" \/>\n\t<meta property=\"og:image:width\" content=\"1080\" \/>\n\t<meta property=\"og:image:height\" content=\"1080\" \/>\n\t<meta property=\"og:image:type\" content=\"image\/png\" \/>\n<meta name=\"twitter:card\" content=\"summary_large_image\" \/>\n<meta name=\"twitter:label1\" content=\"Est. reading time\" \/>\n\t<meta name=\"twitter:data1\" content=\"1 minute\" \/>\n<script type=\"application\/ld+json\" class=\"yoast-schema-graph\">{\"@context\":\"https:\/\/schema.org\",\"@graph\":[{\"@type\":\"WebPage\",\"@id\":\"https:\/\/modemart.hu\/modem-shop\/hatareset\/\",\"url\":\"https:\/\/modemart.hu\/modem-shop\/hatareset\/\",\"name\":\"Borderlines &#8211; Modemart\",\"isPartOf\":{\"@id\":\"https:\/\/modemart.hu\/#website\"},\"primaryImageOfPage\":{\"@id\":\"https:\/\/modemart.hu\/modem-shop\/hatareset\/#primaryimage\"},\"image\":{\"@id\":\"https:\/\/modemart.hu\/modem-shop\/hatareset\/#primaryimage\"},\"thumbnailUrl\":\"https:\/\/modemart.hu\/wp-content\/uploads\/2022\/08\/Hata\u0301reset_.png\",\"datePublished\":\"2022-08-30T09:17:31+00:00\",\"dateModified\":\"2022-12-04T16:44:33+00:00\",\"breadcrumb\":{\"@id\":\"https:\/\/modemart.hu\/modem-shop\/hatareset\/#breadcrumb\"},\"inLanguage\":\"en-US\",\"potentialAction\":[{\"@type\":\"ReadAction\",\"target\":[\"https:\/\/modemart.hu\/modem-shop\/hatareset\/\"]}]},{\"@type\":\"ImageObject\",\"inLanguage\":\"en-US\",\"@id\":\"https:\/\/modemart.hu\/modem-shop\/hatareset\/#primaryimage\",\"url\":\"https:\/\/modemart.hu\/wp-content\/uploads\/2022\/08\/Hata\u0301reset_.png\",\"contentUrl\":\"https:\/\/modemart.hu\/wp-content\/uploads\/2022\/08\/Hata\u0301reset_.png\",\"width\":1080,\"height\":1080},{\"@type\":\"BreadcrumbList\",\"@id\":\"https:\/\/modemart.hu\/modem-shop\/hatareset\/#breadcrumb\",\"itemListElement\":[{\"@type\":\"ListItem\",\"position\":1,\"name\":\"Home\",\"item\":\"https:\/\/modemart.hu\/\"},{\"@type\":\"ListItem\",\"position\":2,\"name\":\"Modem Shop\",\"item\":\"https:\/\/modemart.hu\/modem-shop\/\"},{\"@type\":\"ListItem\",\"position\":3,\"name\":\"Borderlines\"}]},{\"@type\":\"WebSite\",\"@id\":\"https:\/\/modemart.hu\/#website\",\"url\":\"https:\/\/modemart.hu\/\",\"name\":\"Modemart\",\"description\":\"Center for Modern and Contemporary Art\",\"publisher\":{\"@id\":\"https:\/\/modemart.hu\/#organization\"},\"potentialAction\":[{\"@type\":\"SearchAction\",\"target\":{\"@type\":\"EntryPoint\",\"urlTemplate\":\"https:\/\/modemart.hu\/?s={search_term_string}\"},\"query-input\":{\"@type\":\"PropertyValueSpecification\",\"valueRequired\":true,\"valueName\":\"search_term_string\"}}],\"inLanguage\":\"en-US\"},{\"@type\":\"Organization\",\"@id\":\"https:\/\/modemart.hu\/#organization\",\"name\":\"Modemart\",\"url\":\"https:\/\/modemart.hu\/\",\"logo\":{\"@type\":\"ImageObject\",\"inLanguage\":\"en-US\",\"@id\":\"https:\/\/modemart.hu\/#\/schema\/logo\/image\/\",\"url\":\"https:\/\/modemart.hu\/wp-content\/uploads\/2022\/07\/modemlogo.png\",\"contentUrl\":\"https:\/\/modemart.hu\/wp-content\/uploads\/2022\/07\/modemlogo.png\",\"width\":260,\"height\":136,\"caption\":\"Modemart\"},\"image\":{\"@id\":\"https:\/\/modemart.hu\/#\/schema\/logo\/image\/\"},\"sameAs\":[\"https:\/\/hu-hu.facebook.com\/modemdebrecen\/\"]}]}<\/script>\n<!-- \/ Yoast SEO plugin. -->","yoast_head_json":{"title":"Borderlines &#8211; Modemart","robots":{"index":"index","follow":"follow","max-snippet":"max-snippet:-1","max-image-preview":"max-image-preview:large","max-video-preview":"max-video-preview:-1"},"canonical":"https:\/\/modemart.hu\/modem-shop\/hatareset\/","og_locale":"en_US","og_type":"article","og_title":"Borderlines &#8211; Modemart","og_description":"Contemporary reflections on East-Central European identity release year: 2022 page number: 142 language: Hungarian-English ISBN: 978-615-5839-17-7","og_url":"https:\/\/modemart.hu\/modem-shop\/hatareset\/","og_site_name":"Modemart","article_publisher":"https:\/\/hu-hu.facebook.com\/modemdebrecen\/","article_modified_time":"2022-12-04T16:44:33+00:00","og_image":[{"width":1080,"height":1080,"url":"https:\/\/modemart.hu\/wp-content\/uploads\/2022\/08\/Hata\u0301reset_.png","type":"image\/png"}],"twitter_card":"summary_large_image","twitter_misc":{"Est. reading time":"1 minute"},"schema":{"@context":"https:\/\/schema.org","@graph":[{"@type":"WebPage","@id":"https:\/\/modemart.hu\/modem-shop\/hatareset\/","url":"https:\/\/modemart.hu\/modem-shop\/hatareset\/","name":"Borderlines &#8211; Modemart","isPartOf":{"@id":"https:\/\/modemart.hu\/#website"},"primaryImageOfPage":{"@id":"https:\/\/modemart.hu\/modem-shop\/hatareset\/#primaryimage"},"image":{"@id":"https:\/\/modemart.hu\/modem-shop\/hatareset\/#primaryimage"},"thumbnailUrl":"https:\/\/modemart.hu\/wp-content\/uploads\/2022\/08\/Hata\u0301reset_.png","datePublished":"2022-08-30T09:17:31+00:00","dateModified":"2022-12-04T16:44:33+00:00","breadcrumb":{"@id":"https:\/\/modemart.hu\/modem-shop\/hatareset\/#breadcrumb"},"inLanguage":"en-US","potentialAction":[{"@type":"ReadAction","target":["https:\/\/modemart.hu\/modem-shop\/hatareset\/"]}]},{"@type":"ImageObject","inLanguage":"en-US","@id":"https:\/\/modemart.hu\/modem-shop\/hatareset\/#primaryimage","url":"https:\/\/modemart.hu\/wp-content\/uploads\/2022\/08\/Hata\u0301reset_.png","contentUrl":"https:\/\/modemart.hu\/wp-content\/uploads\/2022\/08\/Hata\u0301reset_.png","width":1080,"height":1080},{"@type":"BreadcrumbList","@id":"https:\/\/modemart.hu\/modem-shop\/hatareset\/#breadcrumb","itemListElement":[{"@type":"ListItem","position":1,"name":"Home","item":"https:\/\/modemart.hu\/"},{"@type":"ListItem","position":2,"name":"Modem Shop","item":"https:\/\/modemart.hu\/modem-shop\/"},{"@type":"ListItem","position":3,"name":"Borderlines"}]},{"@type":"WebSite","@id":"https:\/\/modemart.hu\/#website","url":"https:\/\/modemart.hu\/","name":"Modemart","description":"Center for Modern and Contemporary Art","publisher":{"@id":"https:\/\/modemart.hu\/#organization"},"potentialAction":[{"@type":"SearchAction","target":{"@type":"EntryPoint","urlTemplate":"https:\/\/modemart.hu\/?s={search_term_string}"},"query-input":{"@type":"PropertyValueSpecification","valueRequired":true,"valueName":"search_term_string"}}],"inLanguage":"en-US"},{"@type":"Organization","@id":"https:\/\/modemart.hu\/#organization","name":"Modemart","url":"https:\/\/modemart.hu\/","logo":{"@type":"ImageObject","inLanguage":"en-US","@id":"https:\/\/modemart.hu\/#\/schema\/logo\/image\/","url":"https:\/\/modemart.hu\/wp-content\/uploads\/2022\/07\/modemlogo.png","contentUrl":"https:\/\/modemart.hu\/wp-content\/uploads\/2022\/07\/modemlogo.png","width":260,"height":136,"caption":"Modemart"},"image":{"@id":"https:\/\/modemart.hu\/#\/schema\/logo\/image\/"},"sameAs":["https:\/\/hu-hu.facebook.com\/modemdebrecen\/"]}]}},"_links":{"self":[{"href":"https:\/\/modemart.hu\/en\/wp-json\/wp\/v2\/product\/22451","targetHints":{"allow":["GET"]}}],"collection":[{"href":"https:\/\/modemart.hu\/en\/wp-json\/wp\/v2\/product"}],"about":[{"href":"https:\/\/modemart.hu\/en\/wp-json\/wp\/v2\/types\/product"}],"replies":[{"embeddable":true,"href":"https:\/\/modemart.hu\/en\/wp-json\/wp\/v2\/comments?post=22451"}],"wp:featuredmedia":[{"embeddable":true,"href":"https:\/\/modemart.hu\/en\/wp-json\/wp\/v2\/media\/22512"}],"wp:attachment":[{"href":"https:\/\/modemart.hu\/en\/wp-json\/wp\/v2\/media?parent=22451"}],"wp:term":[{"taxonomy":"product_brand","embeddable":true,"href":"https:\/\/modemart.hu\/en\/wp-json\/wp\/v2\/product_brand?post=22451"},{"taxonomy":"product_cat","embeddable":true,"href":"https:\/\/modemart.hu\/en\/wp-json\/wp\/v2\/product_cat?post=22451"},{"taxonomy":"product_tag","embeddable":true,"href":"https:\/\/modemart.hu\/en\/wp-json\/wp\/v2\/product_tag?post=22451"}],"curies":[{"name":"wp","href":"https:\/\/api.w.org\/{rel}","templated":true}]}}